{"id":89666,"date":"2021-03-15T17:22:36","date_gmt":"2021-03-15T16:22:36","guid":{"rendered":"https:\/\/www.fmt.it\/mescolatore-cuocitore\/"},"modified":"2022-05-23T15:34:47","modified_gmt":"2022-05-23T13:34:47","slug":"mezclador-cocedor","status":"publish","type":"page","link":"https:\/\/www.fmt.it\/es\/mezclador-cocedor\/","title":{"rendered":"Mezclador\/Cocedor"},"content":{"rendered":"<div class=\"wpb-content-wrapper\"><p>[vc_row row_height_percent=\u00bb65&#8243; back_color=\u00bbcolor-xsdn\u00bb back_image=\u00bb86065&#8243; back_position=\u00bbleft center\u00bb overlay_alpha=\u00bb50&#8243; equal_height=\u00bbyes\u00bb gutter_size=\u00bb3&#8243; column_width_percent=\u00bb100&#8243; shift_y=\u00bb0&#8243; z_index=\u00bb0&#8243; back_size=\u00bbauto\u00bb][vc_column column_width_percent=\u00bb100&#8243; position_vertical=\u00bbmiddle\u00bb gutter_size=\u00bb3&#8243; expand_height=\u00bbyes\u00bb style=\u00bbdark\u00bb overlay_alpha=\u00bb50&#8243; shift_x=\u00bb0&#8243; shift_y=\u00bb0&#8243; shift_y_down=\u00bb0&#8243; z_index=\u00bb0&#8243; medium_width=\u00bb0&#8243; mobile_width=\u00bb0&#8243; width=\u00bb1\/1&#8243;][vc_row_inner row_inner_height_percent=\u00bb88&#8243; overlay_alpha=\u00bb50&#8243; gutter_size=\u00bb3&#8243; shift_y=\u00bb0&#8243; z_index=\u00bb0&#8243; limit_content=\u00bb\u00bb][vc_column_inner column_width_percent=\u00bb100&#8243; position_vertical=\u00bbmiddle\u00bb gutter_size=\u00bb3&#8243; overlay_alpha=\u00bb50&#8243; shift_x=\u00bb0&#8243; shift_y=\u00bb0&#8243; shift_y_down=\u00bb0&#8243; z_index=\u00bb0&#8243; medium_width=\u00bb0&#8243; mobile_width=\u00bb0&#8243; width=\u00bb5\/12&#8243;][vc_single_image media=\u00bb86740&#8243; media_width_percent=\u00bb100&#8243; media_ratio=\u00bbone-one\u00bb alignment=\u00bbcenter\u00bb css_animation=\u00bbzoom-in\u00bb][\/vc_column_inner][vc_column_inner column_width_percent=\u00bb100&#8243; position_vertical=\u00bbmiddle\u00bb gutter_size=\u00bb3&#8243; overlay_alpha=\u00bb50&#8243; shift_x=\u00bb0&#8243; shift_y=\u00bb0&#8243; shift_y_down=\u00bb0&#8243; z_index=\u00bb0&#8243; medium_width=\u00bb0&#8243; mobile_width=\u00bb0&#8243; width=\u00bb7\/12&#8243;][vc_column_text uncode_shortcode_id=\u00bb204756&#8243;]Una correcta preparaci\u00f3n del batch es fundamental para obtener un producto final de alta calidad.<\/p>\n<p>Los <strong>Mezcladores \/ Cocedores de FMT<\/strong> est\u00e1n estudiados y realizados para conseguir un <strong>tratamiento homog\u00e9neo<\/strong> del batch, prestando especial atenci\u00f3n al tratamiento de los diferentes ingredientes que pueden integrar una receta.<\/p>\n<p>Los Mezcladores \/ Cocedores pueden incorporarse con varios sistemas de automatizaci\u00f3n para facilitar e industrializar las diferentes operaciones y est\u00e1n estudiados para poder trabajar <strong>productos con o sin trozos<\/strong><strong>.<\/strong>[\/vc_column_text][\/vc_column_inner][\/vc_row_inner][\/vc_column][\/vc_row][vc_row row_height_percent=\u00bb0&#8243; overlay_alpha=\u00bb50&#8243; equal_height=\u00bbyes\u00bb gutter_size=\u00bb3&#8243; column_width_percent=\u00bb100&#8243; shift_y=\u00bb0&#8243; z_index=\u00bb0&#8243;][vc_column column_width_percent=\u00bb100&#8243; position_vertical=\u00bbmiddle\u00bb gutter_size=\u00bb3&#8243; overlay_alpha=\u00bb50&#8243; shift_x=\u00bb0&#8243; shift_y=\u00bb0&#8243; shift_y_down=\u00bb0&#8243; z_index=\u00bb0&#8243; medium_width=\u00bb0&#8243; mobile_width=\u00bb0&#8243; width=\u00bb7\/12&#8243;][vc_column_text uncode_shortcode_id=\u00bb189360&#8243;]Los Mezcladores \/ Cocedores de FMT presentan la caracter\u00edstica fundamental de que el propio <strong>sistema interno de agitaci\u00f3n<\/strong> del batch,<strong> es tambi\u00e9n el componente de transferencia t\u00e9rmica.<\/strong><\/p>\n<p>Con esta innovaci\u00f3n tecnol\u00f3gica, FMT ha eliminado las partes est\u00e1ticas y calientes en contacto con el producto, descartando as\u00ed el riesgo de que se \u00abqueme\u00bb una parte del batch.<\/p>\n<p>Los sistemas de automatizaci\u00f3n disponibles son:[\/vc_column_text][uncode_list icon=\u00bbfa fa-check\u00bb icon_color=\u00bbaccent\u00bb uncode_shortcode_id=\u00bb168413&#8243; icon_color_type=\u00bbuncode-palette\u00bb]<\/p>\n<ul>\n<li>Celdas de carga<\/li>\n<li>Elevador de vagonetas<\/li>\n<li>Medidores de caudal<\/li>\n<li>Tornillo sin fin para productos en polvo<\/li>\n<\/ul>\n<p>[\/uncode_list][uncode_list icon=\u00bbfa fa-check\u00bb icon_color=\u00bbaccent\u00bb uncode_shortcode_id=\u00bb203274&#8243; icon_color_type=\u00bbuncode-palette\u00bb]<strong>Los modelos presentes en la gama FMT son:<\/strong><\/p>\n<ul>\n<li>CM 1000 (para lotes de 1000 l)<\/li>\n<li>CM 1500\u00a0(para lotes de 1500 l)<\/li>\n<li>CM 2000 (para lotes de 2000 l)<\/li>\n<\/ul>\n<p>[\/uncode_list][\/vc_column][vc_column column_width_percent=\u00bb100&#8243; position_vertical=\u00bbmiddle\u00bb gutter_size=\u00bb3&#8243; overlay_alpha=\u00bb50&#8243; shift_x=\u00bb0&#8243; shift_y=\u00bb0&#8243; shift_y_down=\u00bb0&#8243; z_index=\u00bb0&#8243; medium_width=\u00bb0&#8243; mobile_width=\u00bb0&#8243; width=\u00bb5\/12&#8243;][vc_single_image media=\u00bb86745&#8243; media_width_percent=\u00bb60&#8243; media_ratio=\u00bbtwo-three\u00bb alignment=\u00bbcenter\u00bb css_animation=\u00bbleft-t-right\u00bb][\/vc_column][\/vc_row][vc_row row_height_percent=\u00bb54&#8243; override_padding=\u00bbyes\u00bb h_padding=\u00bb2&#8243; top_padding=\u00bb4&#8243; bottom_padding=\u00bb3&#8243; back_color=\u00bbcolor-wayh\u00bb back_image=\u00bb88164&#8243; parallax=\u00bbyes\u00bb kburns=\u00bbyes\u00bb overlay_color=\u00bbcolor-wayh\u00bb overlay_alpha=\u00bb50&#8243; gutter_size=\u00bb3&#8243; column_width_percent=\u00bb100&#8243; shift_y=\u00bb0&#8243; z_index=\u00bb0&#8243;][vc_column column_width_percent=\u00bb75&#8243; position_horizontal=\u00bbleft\u00bb position_vertical=\u00bbbottom\u00bb gutter_size=\u00bb3&#8243; style=\u00bbdark\u00bb overlay_alpha=\u00bb50&#8243; shift_x=\u00bb0&#8243; shift_y=\u00bb0&#8243; shift_y_down=\u00bb0&#8243; z_index=\u00bb0&#8243; medium_width=\u00bb0&#8243; mobile_width=\u00bb0&#8243; width=\u00bb1\/1&#8243; mobile_height=\u00bb360&#8243;][\/vc_column][\/vc_row][vc_row row_height_percent=\u00bb0&#8243; back_color=\u00bbcolor-210407&#8243; overlay_alpha=\u00bb50&#8243; equal_height=\u00bbyes\u00bb gutter_size=\u00bb3&#8243; column_width_percent=\u00bb100&#8243; shift_y=\u00bb0&#8243; z_index=\u00bb0&#8243;][vc_column column_width_percent=\u00bb100&#8243; gutter_size=\u00bb3&#8243; style=\u00bbdark\u00bb overlay_alpha=\u00bb50&#8243; shift_x=\u00bb0&#8243; shift_y=\u00bb0&#8243; shift_y_down=\u00bb0&#8243; z_index=\u00bb0&#8243; medium_width=\u00bb0&#8243; mobile_width=\u00bb0&#8243; width=\u00bb1\/1&#8243;][vc_column_text][\/vc_column_text][\/vc_column][\/vc_row]<\/p>\n<\/div>","protected":false},"excerpt":{"rendered":"<p>[vc_row row_height_percent=\u00bb65&#8243; back_color=\u00bbcolor-xsdn\u00bb back_image=\u00bb86065&#8243; back_position=\u00bbleft center\u00bb overlay_alpha=\u00bb50&#8243; equal_height=\u00bbyes\u00bb gutter_size=\u00bb3&#8243; column_width_percent=\u00bb100&#8243; shift_y=\u00bb0&#8243; z_index=\u00bb0&#8243; back_size=\u00bbauto\u00bb][vc_column column_width_percent=\u00bb100&#8243; position_vertical=\u00bbmiddle\u00bb gutter_size=\u00bb3&#8243; expand_height=\u00bbyes\u00bb style=\u00bbdark\u00bb overlay_alpha=\u00bb50&#8243; shift_x=\u00bb0&#8243; [&hellip;]<\/p>\n","protected":false},"author":3,"featured_media":86738,"parent":0,"menu_order":0,"comment_status":"closed","ping_status":"closed","template":"","meta":{"footnotes":""},"class_list":["post-89666","page","type-page","status-publish","has-post-thumbnail","hentry","page_category-baby-food-es","page_category-marmellate-confetture-es","page_category-pesto-es","page_category-salse-es","page_category-zuppe-es"],"yoast_head":"<!-- This site is optimized with the Yoast SEO plugin v27.6 - https:\/\/yoast.com\/product\/yoast-seo-wordpress\/ -->\n<title>Mezclador\/Cocedor - FMT<\/title>\n<meta name=\"description\" content=\"Una correcta preparaci\u00f3n del batch es fundamental para obtener un producto final de alta calidad.\" \/>\n<meta name=\"robots\" content=\"index, follow, max-snippet:-1, max-image-preview:large, max-video-preview:-1\" \/>\n<link rel=\"canonical\" href=\"https:\/\/www.fmt.it\/es\/mezclador-cocedor\/\" \/>\n<meta property=\"og:locale\" content=\"es_ES\" \/>\n<meta property=\"og:type\" content=\"article\" \/>\n<meta property=\"og:title\" content=\"Mezclador\/Cocedor - FMT\" \/>\n<meta property=\"og:description\" content=\"Una correcta preparaci\u00f3n del batch es fundamental para obtener un producto final de alta calidad.\" \/>\n<meta property=\"og:url\" content=\"https:\/\/www.fmt.it\/es\/mezclador-cocedor\/\" \/>\n<meta property=\"og:site_name\" content=\"FMT\" \/>\n<meta property=\"article:modified_time\" content=\"2022-05-23T13:34:47+00:00\" \/>\n<meta property=\"og:image\" content=\"https:\/\/www.fmt.it\/wp-content\/uploads\/2021\/03\/cc.jpg\" \/>\n\t<meta property=\"og:image:width\" content=\"1058\" \/>\n\t<meta property=\"og:image:height\" content=\"886\" \/>\n\t<meta property=\"og:image:type\" content=\"image\/jpeg\" \/>\n<meta name=\"twitter:card\" content=\"summary_large_image\" \/>\n<meta name=\"twitter:label1\" content=\"Tiempo de lectura\" \/>\n\t<meta name=\"twitter:data1\" content=\"3 minutos\" \/>\n<script type=\"application\/ld+json\" class=\"yoast-schema-graph\">{\"@context\":\"https:\\\/\\\/schema.org\",\"@graph\":[{\"@type\":\"WebPage\",\"@id\":\"https:\\\/\\\/www.fmt.it\\\/es\\\/mezclador-cocedor\\\/\",\"url\":\"https:\\\/\\\/www.fmt.it\\\/es\\\/mezclador-cocedor\\\/\",\"name\":\"Mezclador\\\/Cocedor - FMT\",\"isPartOf\":{\"@id\":\"https:\\\/\\\/www.fmt.it\\\/es\\\/#website\"},\"primaryImageOfPage\":{\"@id\":\"https:\\\/\\\/www.fmt.it\\\/es\\\/mezclador-cocedor\\\/#primaryimage\"},\"image\":{\"@id\":\"https:\\\/\\\/www.fmt.it\\\/es\\\/mezclador-cocedor\\\/#primaryimage\"},\"thumbnailUrl\":\"https:\\\/\\\/www.fmt.it\\\/wp-content\\\/uploads\\\/2021\\\/03\\\/cc.jpg\",\"datePublished\":\"2021-03-15T16:22:36+00:00\",\"dateModified\":\"2022-05-23T13:34:47+00:00\",\"description\":\"Una correcta preparaci\u00f3n del batch es fundamental para obtener un producto final de alta calidad.\",\"breadcrumb\":{\"@id\":\"https:\\\/\\\/www.fmt.it\\\/es\\\/mezclador-cocedor\\\/#breadcrumb\"},\"inLanguage\":\"es\",\"potentialAction\":[{\"@type\":\"ReadAction\",\"target\":[\"https:\\\/\\\/www.fmt.it\\\/es\\\/mezclador-cocedor\\\/\"]}]},{\"@type\":\"ImageObject\",\"inLanguage\":\"es\",\"@id\":\"https:\\\/\\\/www.fmt.it\\\/es\\\/mezclador-cocedor\\\/#primaryimage\",\"url\":\"https:\\\/\\\/www.fmt.it\\\/wp-content\\\/uploads\\\/2021\\\/03\\\/cc.jpg\",\"contentUrl\":\"https:\\\/\\\/www.fmt.it\\\/wp-content\\\/uploads\\\/2021\\\/03\\\/cc.jpg\",\"width\":1058,\"height\":886},{\"@type\":\"BreadcrumbList\",\"@id\":\"https:\\\/\\\/www.fmt.it\\\/es\\\/mezclador-cocedor\\\/#breadcrumb\",\"itemListElement\":[{\"@type\":\"ListItem\",\"position\":1,\"name\":\"Home\",\"item\":\"https:\\\/\\\/www.fmt.it\\\/es\\\/fmt-hight-tech-machines-for-food-and-beverage\\\/\"},{\"@type\":\"ListItem\",\"position\":2,\"name\":\"Mezclador\\\/Cocedor\"}]},{\"@type\":\"WebSite\",\"@id\":\"https:\\\/\\\/www.fmt.it\\\/es\\\/#website\",\"url\":\"https:\\\/\\\/www.fmt.it\\\/es\\\/\",\"name\":\"FMT\",\"description\":\"Hight-tech machines for food and beverage\",\"potentialAction\":[{\"@type\":\"SearchAction\",\"target\":{\"@type\":\"EntryPoint\",\"urlTemplate\":\"https:\\\/\\\/www.fmt.it\\\/es\\\/?s={search_term_string}\"},\"query-input\":{\"@type\":\"PropertyValueSpecification\",\"valueRequired\":true,\"valueName\":\"search_term_string\"}}],\"inLanguage\":\"es\"}]}<\/script>\n<!-- \/ Yoast SEO plugin. -->","yoast_head_json":{"title":"Mezclador\/Cocedor - FMT","description":"Una correcta preparaci\u00f3n del batch es fundamental para obtener un producto final de alta calidad.","robots":{"index":"index","follow":"follow","max-snippet":"max-snippet:-1","max-image-preview":"max-image-preview:large","max-video-preview":"max-video-preview:-1"},"canonical":"https:\/\/www.fmt.it\/es\/mezclador-cocedor\/","og_locale":"es_ES","og_type":"article","og_title":"Mezclador\/Cocedor - FMT","og_description":"Una correcta preparaci\u00f3n del batch es fundamental para obtener un producto final de alta calidad.","og_url":"https:\/\/www.fmt.it\/es\/mezclador-cocedor\/","og_site_name":"FMT","article_modified_time":"2022-05-23T13:34:47+00:00","og_image":[{"width":1058,"height":886,"url":"https:\/\/www.fmt.it\/wp-content\/uploads\/2021\/03\/cc.jpg","type":"image\/jpeg"}],"twitter_card":"summary_large_image","twitter_misc":{"Tiempo de lectura":"3 minutos"},"schema":{"@context":"https:\/\/schema.org","@graph":[{"@type":"WebPage","@id":"https:\/\/www.fmt.it\/es\/mezclador-cocedor\/","url":"https:\/\/www.fmt.it\/es\/mezclador-cocedor\/","name":"Mezclador\/Cocedor - FMT","isPartOf":{"@id":"https:\/\/www.fmt.it\/es\/#website"},"primaryImageOfPage":{"@id":"https:\/\/www.fmt.it\/es\/mezclador-cocedor\/#primaryimage"},"image":{"@id":"https:\/\/www.fmt.it\/es\/mezclador-cocedor\/#primaryimage"},"thumbnailUrl":"https:\/\/www.fmt.it\/wp-content\/uploads\/2021\/03\/cc.jpg","datePublished":"2021-03-15T16:22:36+00:00","dateModified":"2022-05-23T13:34:47+00:00","description":"Una correcta preparaci\u00f3n del batch es fundamental para obtener un producto final de alta calidad.","breadcrumb":{"@id":"https:\/\/www.fmt.it\/es\/mezclador-cocedor\/#breadcrumb"},"inLanguage":"es","potentialAction":[{"@type":"ReadAction","target":["https:\/\/www.fmt.it\/es\/mezclador-cocedor\/"]}]},{"@type":"ImageObject","inLanguage":"es","@id":"https:\/\/www.fmt.it\/es\/mezclador-cocedor\/#primaryimage","url":"https:\/\/www.fmt.it\/wp-content\/uploads\/2021\/03\/cc.jpg","contentUrl":"https:\/\/www.fmt.it\/wp-content\/uploads\/2021\/03\/cc.jpg","width":1058,"height":886},{"@type":"BreadcrumbList","@id":"https:\/\/www.fmt.it\/es\/mezclador-cocedor\/#breadcrumb","itemListElement":[{"@type":"ListItem","position":1,"name":"Home","item":"https:\/\/www.fmt.it\/es\/fmt-hight-tech-machines-for-food-and-beverage\/"},{"@type":"ListItem","position":2,"name":"Mezclador\/Cocedor"}]},{"@type":"WebSite","@id":"https:\/\/www.fmt.it\/es\/#website","url":"https:\/\/www.fmt.it\/es\/","name":"FMT","description":"Hight-tech machines for food and beverage","potentialAction":[{"@type":"SearchAction","target":{"@type":"EntryPoint","urlTemplate":"https:\/\/www.fmt.it\/es\/?s={search_term_string}"},"query-input":{"@type":"PropertyValueSpecification","valueRequired":true,"valueName":"search_term_string"}}],"inLanguage":"es"}]}},"_links":{"self":[{"href":"https:\/\/www.fmt.it\/es\/wp-json\/wp\/v2\/pages\/89666","targetHints":{"allow":["GET"]}}],"collection":[{"href":"https:\/\/www.fmt.it\/es\/wp-json\/wp\/v2\/pages"}],"about":[{"href":"https:\/\/www.fmt.it\/es\/wp-json\/wp\/v2\/types\/page"}],"author":[{"embeddable":true,"href":"https:\/\/www.fmt.it\/es\/wp-json\/wp\/v2\/users\/3"}],"replies":[{"embeddable":true,"href":"https:\/\/www.fmt.it\/es\/wp-json\/wp\/v2\/comments?post=89666"}],"version-history":[{"count":3,"href":"https:\/\/www.fmt.it\/es\/wp-json\/wp\/v2\/pages\/89666\/revisions"}],"predecessor-version":[{"id":89669,"href":"https:\/\/www.fmt.it\/es\/wp-json\/wp\/v2\/pages\/89666\/revisions\/89669"}],"wp:featuredmedia":[{"embeddable":true,"href":"https:\/\/www.fmt.it\/es\/wp-json\/wp\/v2\/media\/86738"}],"wp:attachment":[{"href":"https:\/\/www.fmt.it\/es\/wp-json\/wp\/v2\/media?parent=89666"}],"curies":[{"name":"wp","href":"https:\/\/api.w.org\/{rel}","templated":true}]}}