{"id":89706,"date":"2021-03-05T14:01:27","date_gmt":"2021-03-05T13:01:27","guid":{"rendered":"https:\/\/www.fmt.it\/legumi\/"},"modified":"2022-05-23T16:45:46","modified_gmt":"2022-05-23T14:45:46","slug":"legumbres","status":"publish","type":"page","link":"https:\/\/www.fmt.it\/es\/legumbres\/","title":{"rendered":"LEGUMBRES"},"content":{"rendered":"<div class=\"wpb-content-wrapper\"><p>[vc_row unlock_row_content=\u00bbyes\u00bb row_height_percent=\u00bb0&#8243; override_padding=\u00bbyes\u00bb h_padding=\u00bb6&#8243; top_padding=\u00bb4&#8243; bottom_padding=\u00bb4&#8243; back_image=\u00bb86065&#8243; back_position=\u00bbleft center\u00bb overlay_alpha=\u00bb50&#8243; equal_height=\u00bbyes\u00bb gutter_size=\u00bb4&#8243; column_width_percent=\u00bb100&#8243; shift_y=\u00bb0&#8243; z_index=\u00bb0&#8243; el_class=\u00bbinverted-device-order\u00bb back_size=\u00bbauto\u00bb][vc_column column_width_percent=\u00bb100&#8243; position_horizontal=\u00bbright\u00bb gutter_size=\u00bb1&#8243; override_padding=\u00bbyes\u00bb column_padding=\u00bb3&#8243; style=\u00bblight\u00bb overlay_color=\u00bbcolor-xsdn\u00bb overlay_alpha=\u00bb90&#8243; shift_x=\u00bb0&#8243; shift_y=\u00bb0&#8243; shift_y_down=\u00bb0&#8243; z_index=\u00bb0&#8243; medium_width=\u00bb0&#8243; mobile_width=\u00bb0&#8243; css_animation=\u00bbleft-t-right\u00bb width=\u00bb1\/2&#8243;][vc_column_text uncode_shortcode_id=\u00bb161144&#8243;]El t\u00e9rmino \u00ablegumbres enlatadas\u00bb se refiere a todas las conservas de legumbres que se conservan de varias formas para poder consumirlas tambi\u00e9n fuera de temporada.<\/p>\n<p>Los dos tipos de conservas de legumbres con mayor segmento de mercado son:[\/vc_column_text][uncode_list larger=\u00bbyes\u00bb icon=\u00bbfa fa-check\u00bb icon_color=\u00bbaccent\u00bb uncode_shortcode_id=\u00bb846039&#8243; icon_color_type=\u00bbuncode-palette\u00bb]<\/p>\n<ul>\n<li><strong>LEGUMBRES EN SALMUERA\u00a0<\/strong><\/li>\n<li><strong>LEGUMBRES EN SALSA<\/strong><\/li>\n<\/ul>\n<p>[\/uncode_list][vc_column_text uncode_shortcode_id=\u00bb485698&#8243;]<strong>FMT puede estudiar, desarrollar y realizar sistemas completos para el envasado de estos productos<\/strong>, tanto en envases de vidrio como en lata.<\/p>\n<p>La tecnolog\u00eda de llenado m\u00e1s com\u00fan es la denominada \u00abDual Fill\u00bb volum\u00e9trica con telesc\u00f3pios para las legumbres y colmadora al vac\u00edo para el l\u00edquido de gobierno y\/o la salsa.[\/vc_column_text][\/vc_column][vc_column column_width_percent=\u00bb100&#8243; position_vertical=\u00bbmiddle\u00bb gutter_size=\u00bb3&#8243; overlay_alpha=\u00bb50&#8243; shift_x=\u00bb0&#8243; shift_y=\u00bb0&#8243; shift_y_down=\u00bb0&#8243; z_index=\u00bb0&#8243; medium_width=\u00bb0&#8243; mobile_width=\u00bb0&#8243; css_animation=\u00bbzoom-in\u00bb width=\u00bb1\/2&#8243;][vc_single_image media=\u00bb87043&#8243; media_poster=\u00bbyes\u00bb media_width_percent=\u00bb100&#8243; border=\u00bbyes\u00bb css_animation=\u00bbright-t-left\u00bb][vc_gallery el_id=\u00bbgallery-137367&#8243; medias=\u00bb85961,87053&#8243; gutter_size=\u00bb3&#8243; screen_lg=\u00bb1000&#8243; screen_md=\u00bb600&#8243; screen_sm=\u00bb480&#8243; single_overlay_opacity=\u00bb50&#8243; single_padding=\u00bb2&#8243;][\/vc_column][\/vc_row][vc_row row_height_percent=\u00bb35&#8243; override_padding=\u00bbyes\u00bb h_padding=\u00bb2&#8243; top_padding=\u00bb4&#8243; bottom_padding=\u00bb3&#8243; back_color=\u00bbcolor-wayh\u00bb back_image=\u00bb88063&#8243; parallax=\u00bbyes\u00bb kburns=\u00bbyes\u00bb overlay_color=\u00bbcolor-wayh\u00bb overlay_alpha=\u00bb50&#8243; gutter_size=\u00bb3&#8243; column_width_percent=\u00bb100&#8243; shift_y=\u00bb0&#8243; z_index=\u00bb0&#8243;][vc_column column_width_percent=\u00bb75&#8243; position_horizontal=\u00bbleft\u00bb position_vertical=\u00bbbottom\u00bb gutter_size=\u00bb3&#8243; style=\u00bbdark\u00bb overlay_alpha=\u00bb50&#8243; shift_x=\u00bb0&#8243; shift_y=\u00bb0&#8243; shift_y_down=\u00bb0&#8243; z_index=\u00bb0&#8243; medium_width=\u00bb0&#8243; mobile_width=\u00bb0&#8243; width=\u00bb1\/1&#8243; mobile_height=\u00bb360&#8243;][\/vc_column][\/vc_row][vc_row row_height_percent=\u00bb0&#8243; back_color=\u00bbcolor-210407&#8243; overlay_color=\u00bbcolor-210407&#8243; overlay_alpha=\u00bb50&#8243; equal_height=\u00bbyes\u00bb gutter_size=\u00bb3&#8243; column_width_percent=\u00bb100&#8243; shift_y=\u00bb0&#8243; z_index=\u00bb0&#8243;][vc_column column_width_percent=\u00bb100&#8243; gutter_size=\u00bb3&#8243; style=\u00bbdark\u00bb overlay_alpha=\u00bb50&#8243; shift_x=\u00bb0&#8243; shift_y=\u00bb0&#8243; shift_y_down=\u00bb0&#8243; z_index=\u00bb0&#8243; medium_width=\u00bb0&#8243; mobile_width=\u00bb0&#8243; width=\u00bb1\/1&#8243;][vc_column_text text_lead=\u00bbyes\u00bb css_animation=\u00bbzoom-in\u00bb uncode_shortcode_id=\u00bb590151&#8243;]<strong>Las principales tecnolog\u00edas de FMT para este producto:<\/strong>[\/vc_column_text][uncode_index el_id=\u00bbindex-369819&#8243; index_type=\u00bbcarousel\u00bb loop=\u00bbsize:10|order_by:date|order:ASC|post_type:page|tax_query:136|taxonomy_count:10&#8243; carousel_lg=\u00bb5&#8243; carousel_md=\u00bb4&#8243; carousel_sm=\u00bb2&#8243; gutter_size=\u00bb2&#8243; page_items=\u00bbmedia|featured|onpost|original,title\u00bb product_items=\u00bbmedia|featured|onpost|original|hide-sale,title\u00bb carousel_interval=\u00bb3000&#8243; carousel_navspeed=\u00bb400&#8243; carousel_nav=\u00bbyes\u00bb carousel_dots=\u00bbyes\u00bb carousel_dots_mobile=\u00bbyes\u00bb stage_padding=\u00bb0&#8243; single_style=\u00bbdark\u00bb single_overlay_opacity=\u00bb50&#8243; single_h_align=\u00bbcenter\u00bb single_padding=\u00bb1&#8243; single_text_reduced=\u00bbyes\u00bb custom_order=\u00bbyes\u00bb][\/vc_column][\/vc_row]<\/p>\n<\/div>","protected":false},"excerpt":{"rendered":"<p>[vc_row unlock_row_content=\u00bbyes\u00bb row_height_percent=\u00bb0&#8243; override_padding=\u00bbyes\u00bb h_padding=\u00bb6&#8243; top_padding=\u00bb4&#8243; bottom_padding=\u00bb4&#8243; back_image=\u00bb86065&#8243; back_position=\u00bbleft center\u00bb overlay_alpha=\u00bb50&#8243; equal_height=\u00bbyes\u00bb gutter_size=\u00bb4&#8243; column_width_percent=\u00bb100&#8243; shift_y=\u00bb0&#8243; z_index=\u00bb0&#8243; el_class=\u00bbinverted-device-order\u00bb back_size=\u00bbauto\u00bb][vc_column column_width_percent=\u00bb100&#8243; position_horizontal=\u00bbright\u00bb [&hellip;]<\/p>\n","protected":false},"author":3,"featured_media":86212,"parent":0,"menu_order":200,"comment_status":"closed","ping_status":"closed","template":"","meta":{"footnotes":""},"class_list":["post-89706","page","type-page","status-publish","has-post-thumbnail","hentry"],"yoast_head":"<!-- This site is optimized with the Yoast SEO plugin v27.6 - https:\/\/yoast.com\/product\/yoast-seo-wordpress\/ -->\n<title>LEGUMBRES - FMT<\/title>\n<meta name=\"description\" content=\"El t\u00e9rmino \u00ablegumbres enlatadas\u00bb se refiere a todas las conservas de legumbres que se conservan de varias formas para poder consumirlas tambi\u00e9n fuera de temporada.\" \/>\n<meta name=\"robots\" content=\"index, follow, max-snippet:-1, max-image-preview:large, max-video-preview:-1\" \/>\n<link rel=\"canonical\" href=\"https:\/\/www.fmt.it\/es\/legumbres\/\" \/>\n<meta property=\"og:locale\" content=\"es_ES\" \/>\n<meta property=\"og:type\" content=\"article\" \/>\n<meta property=\"og:title\" content=\"LEGUMBRES - FMT\" \/>\n<meta property=\"og:description\" content=\"El t\u00e9rmino \u00ablegumbres enlatadas\u00bb se refiere a todas las conservas de legumbres que se conservan de varias formas para poder consumirlas tambi\u00e9n fuera de temporada.\" \/>\n<meta property=\"og:url\" content=\"https:\/\/www.fmt.it\/es\/legumbres\/\" \/>\n<meta property=\"og:site_name\" content=\"FMT\" \/>\n<meta property=\"article:modified_time\" content=\"2022-05-23T14:45:46+00:00\" \/>\n<meta property=\"og:image\" content=\"https:\/\/www.fmt.it\/wp-content\/uploads\/2021\/03\/shutterstock_369176183-scaled.jpg\" \/>\n\t<meta property=\"og:image:width\" content=\"2560\" \/>\n\t<meta property=\"og:image:height\" content=\"1714\" \/>\n\t<meta property=\"og:image:type\" content=\"image\/jpeg\" \/>\n<meta name=\"twitter:card\" content=\"summary_large_image\" \/>\n<meta name=\"twitter:label1\" content=\"Tiempo de lectura\" \/>\n\t<meta name=\"twitter:data1\" content=\"3 minutos\" \/>\n<script type=\"application\/ld+json\" class=\"yoast-schema-graph\">{\"@context\":\"https:\\\/\\\/schema.org\",\"@graph\":[{\"@type\":\"WebPage\",\"@id\":\"https:\\\/\\\/www.fmt.it\\\/es\\\/legumbres\\\/\",\"url\":\"https:\\\/\\\/www.fmt.it\\\/es\\\/legumbres\\\/\",\"name\":\"LEGUMBRES - FMT\",\"isPartOf\":{\"@id\":\"https:\\\/\\\/www.fmt.it\\\/es\\\/#website\"},\"primaryImageOfPage\":{\"@id\":\"https:\\\/\\\/www.fmt.it\\\/es\\\/legumbres\\\/#primaryimage\"},\"image\":{\"@id\":\"https:\\\/\\\/www.fmt.it\\\/es\\\/legumbres\\\/#primaryimage\"},\"thumbnailUrl\":\"https:\\\/\\\/www.fmt.it\\\/wp-content\\\/uploads\\\/2021\\\/03\\\/shutterstock_369176183-scaled.jpg\",\"datePublished\":\"2021-03-05T13:01:27+00:00\",\"dateModified\":\"2022-05-23T14:45:46+00:00\",\"description\":\"El t\u00e9rmino \u00ablegumbres enlatadas\u00bb se refiere a todas las conservas de legumbres que se conservan de varias formas para poder consumirlas tambi\u00e9n fuera de temporada.\",\"breadcrumb\":{\"@id\":\"https:\\\/\\\/www.fmt.it\\\/es\\\/legumbres\\\/#breadcrumb\"},\"inLanguage\":\"es\",\"potentialAction\":[{\"@type\":\"ReadAction\",\"target\":[\"https:\\\/\\\/www.fmt.it\\\/es\\\/legumbres\\\/\"]}]},{\"@type\":\"ImageObject\",\"inLanguage\":\"es\",\"@id\":\"https:\\\/\\\/www.fmt.it\\\/es\\\/legumbres\\\/#primaryimage\",\"url\":\"https:\\\/\\\/www.fmt.it\\\/wp-content\\\/uploads\\\/2021\\\/03\\\/shutterstock_369176183-scaled.jpg\",\"contentUrl\":\"https:\\\/\\\/www.fmt.it\\\/wp-content\\\/uploads\\\/2021\\\/03\\\/shutterstock_369176183-scaled.jpg\",\"width\":2560,\"height\":1714},{\"@type\":\"BreadcrumbList\",\"@id\":\"https:\\\/\\\/www.fmt.it\\\/es\\\/legumbres\\\/#breadcrumb\",\"itemListElement\":[{\"@type\":\"ListItem\",\"position\":1,\"name\":\"Home\",\"item\":\"https:\\\/\\\/www.fmt.it\\\/es\\\/fmt-hight-tech-machines-for-food-and-beverage\\\/\"},{\"@type\":\"ListItem\",\"position\":2,\"name\":\"LEGUMBRES\"}]},{\"@type\":\"WebSite\",\"@id\":\"https:\\\/\\\/www.fmt.it\\\/es\\\/#website\",\"url\":\"https:\\\/\\\/www.fmt.it\\\/es\\\/\",\"name\":\"FMT\",\"description\":\"Hight-tech machines for food and beverage\",\"potentialAction\":[{\"@type\":\"SearchAction\",\"target\":{\"@type\":\"EntryPoint\",\"urlTemplate\":\"https:\\\/\\\/www.fmt.it\\\/es\\\/?s={search_term_string}\"},\"query-input\":{\"@type\":\"PropertyValueSpecification\",\"valueRequired\":true,\"valueName\":\"search_term_string\"}}],\"inLanguage\":\"es\"}]}<\/script>\n<!-- \/ Yoast SEO plugin. -->","yoast_head_json":{"title":"LEGUMBRES - FMT","description":"El t\u00e9rmino \u00ablegumbres enlatadas\u00bb se refiere a todas las conservas de legumbres que se conservan de varias formas para poder consumirlas tambi\u00e9n fuera de temporada.","robots":{"index":"index","follow":"follow","max-snippet":"max-snippet:-1","max-image-preview":"max-image-preview:large","max-video-preview":"max-video-preview:-1"},"canonical":"https:\/\/www.fmt.it\/es\/legumbres\/","og_locale":"es_ES","og_type":"article","og_title":"LEGUMBRES - FMT","og_description":"El t\u00e9rmino \u00ablegumbres enlatadas\u00bb se refiere a todas las conservas de legumbres que se conservan de varias formas para poder consumirlas tambi\u00e9n fuera de temporada.","og_url":"https:\/\/www.fmt.it\/es\/legumbres\/","og_site_name":"FMT","article_modified_time":"2022-05-23T14:45:46+00:00","og_image":[{"width":2560,"height":1714,"url":"https:\/\/www.fmt.it\/wp-content\/uploads\/2021\/03\/shutterstock_369176183-scaled.jpg","type":"image\/jpeg"}],"twitter_card":"summary_large_image","twitter_misc":{"Tiempo de lectura":"3 minutos"},"schema":{"@context":"https:\/\/schema.org","@graph":[{"@type":"WebPage","@id":"https:\/\/www.fmt.it\/es\/legumbres\/","url":"https:\/\/www.fmt.it\/es\/legumbres\/","name":"LEGUMBRES - FMT","isPartOf":{"@id":"https:\/\/www.fmt.it\/es\/#website"},"primaryImageOfPage":{"@id":"https:\/\/www.fmt.it\/es\/legumbres\/#primaryimage"},"image":{"@id":"https:\/\/www.fmt.it\/es\/legumbres\/#primaryimage"},"thumbnailUrl":"https:\/\/www.fmt.it\/wp-content\/uploads\/2021\/03\/shutterstock_369176183-scaled.jpg","datePublished":"2021-03-05T13:01:27+00:00","dateModified":"2022-05-23T14:45:46+00:00","description":"El t\u00e9rmino \u00ablegumbres enlatadas\u00bb se refiere a todas las conservas de legumbres que se conservan de varias formas para poder consumirlas tambi\u00e9n fuera de temporada.","breadcrumb":{"@id":"https:\/\/www.fmt.it\/es\/legumbres\/#breadcrumb"},"inLanguage":"es","potentialAction":[{"@type":"ReadAction","target":["https:\/\/www.fmt.it\/es\/legumbres\/"]}]},{"@type":"ImageObject","inLanguage":"es","@id":"https:\/\/www.fmt.it\/es\/legumbres\/#primaryimage","url":"https:\/\/www.fmt.it\/wp-content\/uploads\/2021\/03\/shutterstock_369176183-scaled.jpg","contentUrl":"https:\/\/www.fmt.it\/wp-content\/uploads\/2021\/03\/shutterstock_369176183-scaled.jpg","width":2560,"height":1714},{"@type":"BreadcrumbList","@id":"https:\/\/www.fmt.it\/es\/legumbres\/#breadcrumb","itemListElement":[{"@type":"ListItem","position":1,"name":"Home","item":"https:\/\/www.fmt.it\/es\/fmt-hight-tech-machines-for-food-and-beverage\/"},{"@type":"ListItem","position":2,"name":"LEGUMBRES"}]},{"@type":"WebSite","@id":"https:\/\/www.fmt.it\/es\/#website","url":"https:\/\/www.fmt.it\/es\/","name":"FMT","description":"Hight-tech machines for food and beverage","potentialAction":[{"@type":"SearchAction","target":{"@type":"EntryPoint","urlTemplate":"https:\/\/www.fmt.it\/es\/?s={search_term_string}"},"query-input":{"@type":"PropertyValueSpecification","valueRequired":true,"valueName":"search_term_string"}}],"inLanguage":"es"}]}},"_links":{"self":[{"href":"https:\/\/www.fmt.it\/es\/wp-json\/wp\/v2\/pages\/89706","targetHints":{"allow":["GET"]}}],"collection":[{"href":"https:\/\/www.fmt.it\/es\/wp-json\/wp\/v2\/pages"}],"about":[{"href":"https:\/\/www.fmt.it\/es\/wp-json\/wp\/v2\/types\/page"}],"author":[{"embeddable":true,"href":"https:\/\/www.fmt.it\/es\/wp-json\/wp\/v2\/users\/3"}],"replies":[{"embeddable":true,"href":"https:\/\/www.fmt.it\/es\/wp-json\/wp\/v2\/comments?post=89706"}],"version-history":[{"count":2,"href":"https:\/\/www.fmt.it\/es\/wp-json\/wp\/v2\/pages\/89706\/revisions"}],"predecessor-version":[{"id":89708,"href":"https:\/\/www.fmt.it\/es\/wp-json\/wp\/v2\/pages\/89706\/revisions\/89708"}],"wp:featuredmedia":[{"embeddable":true,"href":"https:\/\/www.fmt.it\/es\/wp-json\/wp\/v2\/media\/86212"}],"wp:attachment":[{"href":"https:\/\/www.fmt.it\/es\/wp-json\/wp\/v2\/media?parent=89706"}],"curies":[{"name":"wp","href":"https:\/\/api.w.org\/{rel}","templated":true}]}}