{"id":89278,"date":"2021-03-05T13:49:46","date_gmt":"2021-03-05T12:49:46","guid":{"rendered":"https:\/\/www.fmt.it\/sottolio-e-sottaceto\/"},"modified":"2022-05-11T12:23:03","modified_gmt":"2022-05-11T10:23:03","slug":"produits-dans-lhuile-et-produits-au-vinaigre","status":"publish","type":"page","link":"https:\/\/www.fmt.it\/fr\/produits-dans-lhuile-et-produits-au-vinaigre\/","title":{"rendered":"Produits \u00e0 l\u2019huile et produits au vinaigre"},"content":{"rendered":"<div class=\"wpb-content-wrapper\"><p>[vc_row unlock_row_content=\u00a0\u00bbyes\u00a0\u00bb row_height_percent=\u00a0\u00bb0&Prime; override_padding=\u00a0\u00bbyes\u00a0\u00bb h_padding=\u00a0\u00bb6&Prime; top_padding=\u00a0\u00bb4&Prime; bottom_padding=\u00a0\u00bb4&Prime; back_image=\u00a0\u00bb86065&Prime; back_position=\u00a0\u00bbleft center\u00a0\u00bb overlay_alpha=\u00a0\u00bb50&Prime; equal_height=\u00a0\u00bbyes\u00a0\u00bb gutter_size=\u00a0\u00bb4&Prime; column_width_percent=\u00a0\u00bb100&Prime; shift_y=\u00a0\u00bb0&Prime; z_index=\u00a0\u00bb0&Prime; el_class=\u00a0\u00bbinverted-device-order\u00a0\u00bb back_size=\u00a0\u00bbauto\u00a0\u00bb][vc_column column_width_percent=\u00a0\u00bb100&Prime; position_horizontal=\u00a0\u00bbright\u00a0\u00bb gutter_size=\u00a0\u00bb1&Prime; override_padding=\u00a0\u00bbyes\u00a0\u00bb column_padding=\u00a0\u00bb3&Prime; style=\u00a0\u00bblight\u00a0\u00bb overlay_color=\u00a0\u00bbcolor-xsdn\u00a0\u00bb overlay_alpha=\u00a0\u00bb90&Prime; shift_x=\u00a0\u00bb0&Prime; shift_y=\u00a0\u00bb0&Prime; shift_y_down=\u00a0\u00bb0&Prime; z_index=\u00a0\u00bb0&Prime; medium_width=\u00a0\u00bb0&Prime; mobile_width=\u00a0\u00bb0&Prime; css_animation=\u00a0\u00bbleft-t-right\u00a0\u00bb width=\u00a0\u00bb1\/2&Prime;][vc_custom_heading text_color=\u00a0\u00bbaccent\u00a0\u00bb uncode_shortcode_id=\u00a0\u00bb839617&Prime; text_color_type=\u00a0\u00bbuncode-palette\u00a0\u00bb]Lignes compl\u00e8tes pour les conserves \u00e0 l\u2019huile et au vinaigre[\/vc_custom_heading][vc_column_text uncode_shortcode_id=\u00a0\u00bb186441&Prime;]Comme la plupart des conserves, m\u00eame les <strong>produits \u00e0 l\u2019huile<\/strong> sont n\u00e9s de la n\u00e9cessit\u00e9 exploiter au mieux tous les fruits de la terre et de ne pas gaspiller les pr\u00e9cieux ingr\u00e9dients d\u2019\u00e9t\u00e9<\/p>\n<p>Les deux techniques les plus communes depuis l\u2019antiquit\u00e9 pour pr\u00e9server la qualit\u00e9 des ingr\u00e9dients sont:[\/vc_column_text][uncode_list larger=\u00a0\u00bbyes\u00a0\u00bb icon=\u00a0\u00bbfa fa-check\u00a0\u00bb icon_color=\u00a0\u00bbaccent\u00a0\u00bb uncode_shortcode_id=\u00a0\u00bb449601&Prime; icon_color_type=\u00a0\u00bbuncode-palette\u00a0\u00bb]<\/p>\n<ul>\n<li><strong>LES PRODUITS \u00c1 L\u2019HUILE\u00a0<\/strong><\/li>\n<li><strong>LES PRODUITS AU VINAIGRE\u00a0<\/strong><\/li>\n<\/ul>\n<p>[\/uncode_list][vc_column_text uncode_shortcode_id=\u00a0\u00bb275844&Prime;]Au-del\u00e0 de l\u2019utilisation d\u2019autres liquides \u00e0 base de sel (saumure).<\/p>\n<p><strong>FMT est en mesure d\u2019\u00e9tudier, de d\u00e9velopper et de r\u00e9aliser des installations compl\u00e8tes pour le conditionnement de ces produits<\/strong>, qu\u2019ils soient remplis dans des r\u00e9cipients en verre, en plastique ou en bo\u00eetes m\u00e9talliques.<\/p>\n<p>La technologie de remplissage la plus courante pr\u00e9voit un double remplissage.<\/p>\n<p>Une premi\u00e8re remplisseuse est utilis\u00e9e pour la partie \u00absolide\u00bb du produit final, c\u2019est \u00e0 dire l\u2019olive ou le piment ou le champignon etc.<\/p>\n<p>Ce remplissage peut se faire avec diff\u00e9rentes technologies, de la traditionnelle \u00ab<strong>Pocket Filler<\/strong>\u00bb jusqu\u2019au remplissage au poids.<\/p>\n<p>Une deuxi\u00e8me remplisseuse, d\u2019autre part, faisant d\u2019abord le vide dans le r\u00e9cipient, remplit le r\u00e9cipient avec le liquide utilis\u00e9 pour conserver le produit (d\u2019o\u00f9 le nom \u00abjuteuse\u00bb ou \u00ab<strong>remplisseuse sous-vide<\/strong>\u00bb )[\/vc_column_text][\/vc_column][vc_column column_width_percent=\u00a0\u00bb100&Prime; position_vertical=\u00a0\u00bbmiddle\u00a0\u00bb gutter_size=\u00a0\u00bb3&Prime; overlay_alpha=\u00a0\u00bb50&Prime; shift_x=\u00a0\u00bb0&Prime; shift_y=\u00a0\u00bb0&Prime; shift_y_down=\u00a0\u00bb0&Prime; z_index=\u00a0\u00bb0&Prime; medium_width=\u00a0\u00bb0&Prime; mobile_width=\u00a0\u00bb0&Prime; css_animation=\u00a0\u00bbzoom-in\u00a0\u00bb width=\u00a0\u00bb1\/2&Prime;][vc_single_image media=\u00a0\u00bb85925&Prime; media_poster=\u00a0\u00bbyes\u00a0\u00bb media_width_percent=\u00a0\u00bb100&Prime; border=\u00a0\u00bbyes\u00a0\u00bb css_animation=\u00a0\u00bbright-t-left\u00a0\u00bb][vc_gallery el_id=\u00a0\u00bbgallery-137367&Prime; medias=\u00a0\u00bb86967,86977&Prime; gutter_size=\u00a0\u00bb3&Prime; screen_lg=\u00a0\u00bb1000&Prime; screen_md=\u00a0\u00bb600&Prime; screen_sm=\u00a0\u00bb480&Prime; single_overlay_opacity=\u00a0\u00bb50&Prime; single_padding=\u00a0\u00bb2&Prime;][\/vc_column][\/vc_row][vc_row row_height_percent=\u00a0\u00bb35&Prime; override_padding=\u00a0\u00bbyes\u00a0\u00bb h_padding=\u00a0\u00bb2&Prime; top_padding=\u00a0\u00bb4&Prime; bottom_padding=\u00a0\u00bb3&Prime; back_color=\u00a0\u00bbcolor-wayh\u00a0\u00bb back_image=\u00a0\u00bb88035&Prime; parallax=\u00a0\u00bbyes\u00a0\u00bb kburns=\u00a0\u00bbyes\u00a0\u00bb overlay_color=\u00a0\u00bbcolor-wayh\u00a0\u00bb overlay_alpha=\u00a0\u00bb50&Prime; gutter_size=\u00a0\u00bb3&Prime; column_width_percent=\u00a0\u00bb100&Prime; shift_y=\u00a0\u00bb0&Prime; z_index=\u00a0\u00bb0&Prime;][vc_column column_width_percent=\u00a0\u00bb75&Prime; position_horizontal=\u00a0\u00bbleft\u00a0\u00bb position_vertical=\u00a0\u00bbbottom\u00a0\u00bb gutter_size=\u00a0\u00bb3&Prime; style=\u00a0\u00bbdark\u00a0\u00bb overlay_alpha=\u00a0\u00bb50&Prime; shift_x=\u00a0\u00bb0&Prime; shift_y=\u00a0\u00bb0&Prime; shift_y_down=\u00a0\u00bb0&Prime; z_index=\u00a0\u00bb0&Prime; medium_width=\u00a0\u00bb0&Prime; mobile_width=\u00a0\u00bb0&Prime; width=\u00a0\u00bb1\/1&Prime; mobile_height=\u00a0\u00bb360&Prime;][\/vc_column][\/vc_row][vc_row row_height_percent=\u00a0\u00bb0&Prime; back_color=\u00a0\u00bbcolor-210407&Prime; overlay_color=\u00a0\u00bbcolor-210407&Prime; overlay_alpha=\u00a0\u00bb50&Prime; equal_height=\u00a0\u00bbyes\u00a0\u00bb gutter_size=\u00a0\u00bb3&Prime; column_width_percent=\u00a0\u00bb100&Prime; shift_y=\u00a0\u00bb0&Prime; z_index=\u00a0\u00bb0&Prime;][vc_column column_width_percent=\u00a0\u00bb100&Prime; gutter_size=\u00a0\u00bb3&Prime; style=\u00a0\u00bbdark\u00a0\u00bb overlay_alpha=\u00a0\u00bb50&Prime; shift_x=\u00a0\u00bb0&Prime; shift_y=\u00a0\u00bb0&Prime; shift_y_down=\u00a0\u00bb0&Prime; z_index=\u00a0\u00bb0&Prime; medium_width=\u00a0\u00bb0&Prime; mobile_width=\u00a0\u00bb0&Prime; width=\u00a0\u00bb1\/1&Prime;][vc_column_text text_lead=\u00a0\u00bbyes\u00a0\u00bb css_animation=\u00a0\u00bbzoom-in\u00a0\u00bb uncode_shortcode_id=\u00a0\u00bb426327&Prime;]<strong>Les principales technologies de FMT pour ce produit:<\/strong>[\/vc_column_text][uncode_index el_id=\u00a0\u00bbindex-369819&Prime; index_type=\u00a0\u00bbcarousel\u00a0\u00bb loop=\u00a0\u00bbsize:10|order_by:date|order:ASC|post_type:page|tax_query:129|taxonomy_count:10&Prime; carousel_lg=\u00a0\u00bb5&Prime; carousel_md=\u00a0\u00bb4&Prime; carousel_sm=\u00a0\u00bb2&Prime; gutter_size=\u00a0\u00bb2&Prime; page_items=\u00a0\u00bbmedia|featured|onpost|original,title\u00a0\u00bb product_items=\u00a0\u00bbmedia|featured|onpost|original|hide-sale,title\u00a0\u00bb carousel_interval=\u00a0\u00bb3000&Prime; carousel_navspeed=\u00a0\u00bb400&Prime; carousel_nav=\u00a0\u00bbyes\u00a0\u00bb carousel_dots=\u00a0\u00bbyes\u00a0\u00bb carousel_dots_mobile=\u00a0\u00bbyes\u00a0\u00bb stage_padding=\u00a0\u00bb0&Prime; single_style=\u00a0\u00bbdark\u00a0\u00bb single_overlay_opacity=\u00a0\u00bb50&Prime; single_h_align=\u00a0\u00bbcenter\u00a0\u00bb single_padding=\u00a0\u00bb1&Prime; single_text_reduced=\u00a0\u00bbyes\u00a0\u00bb custom_order=\u00a0\u00bbyes\u00a0\u00bb][\/vc_column][\/vc_row]<\/p>\n<\/div>","protected":false},"excerpt":{"rendered":"<p>[vc_row unlock_row_content=\u00a0\u00bbyes\u00a0\u00bb row_height_percent=\u00a0\u00bb0&Prime; override_padding=\u00a0\u00bbyes\u00a0\u00bb h_padding=\u00a0\u00bb6&Prime; top_padding=\u00a0\u00bb4&Prime; bottom_padding=\u00a0\u00bb4&Prime; back_image=\u00a0\u00bb86065&Prime; back_position=\u00a0\u00bbleft center\u00a0\u00bb overlay_alpha=\u00a0\u00bb50&Prime; equal_height=\u00a0\u00bbyes\u00a0\u00bb gutter_size=\u00a0\u00bb4&Prime; column_width_percent=\u00a0\u00bb100&Prime; shift_y=\u00a0\u00bb0&Prime; z_index=\u00a0\u00bb0&Prime; el_class=\u00a0\u00bbinverted-device-order\u00a0\u00bb back_size=\u00a0\u00bbauto\u00a0\u00bb][vc_column column_width_percent=\u00a0\u00bb100&Prime; position_horizontal=\u00a0\u00bbright\u00a0\u00bb [&hellip;]<\/p>\n","protected":false},"author":3,"featured_media":89279,"parent":0,"menu_order":200,"comment_status":"closed","ping_status":"closed","template":"","meta":{"footnotes":""},"class_list":["post-89278","page","type-page","status-publish","has-post-thumbnail","hentry"],"yoast_head":"<!-- This site is optimized with the Yoast SEO plugin v27.6 - https:\/\/yoast.com\/product\/yoast-seo-wordpress\/ -->\n<title>Produits \u00e0 l\u2019huile et produits au vinaigre - FMT<\/title>\n<meta name=\"robots\" content=\"index, follow, max-snippet:-1, max-image-preview:large, max-video-preview:-1\" \/>\n<link rel=\"canonical\" href=\"https:\/\/www.fmt.it\/fr\/produits-dans-lhuile-et-produits-au-vinaigre\/\" \/>\n<meta property=\"og:locale\" content=\"fr_FR\" \/>\n<meta property=\"og:type\" content=\"article\" \/>\n<meta property=\"og:title\" content=\"Produits \u00e0 l\u2019huile et produits au vinaigre - FMT\" \/>\n<meta property=\"og:description\" content=\"[vc_row unlock_row_content=\u00a0\u00bbyes\u00a0\u00bb row_height_percent=\u00a0\u00bb0&Prime; override_padding=\u00a0\u00bbyes\u00a0\u00bb h_padding=\u00a0\u00bb6&Prime; top_padding=\u00a0\u00bb4&Prime; bottom_padding=\u00a0\u00bb4&Prime; back_image=\u00a0\u00bb86065&Prime; back_position=\u00a0\u00bbleft center\u00a0\u00bb overlay_alpha=\u00a0\u00bb50&Prime; equal_height=\u00a0\u00bbyes\u00a0\u00bb gutter_size=\u00a0\u00bb4&Prime; column_width_percent=\u00a0\u00bb100&Prime; shift_y=\u00a0\u00bb0&Prime; z_index=\u00a0\u00bb0&Prime; el_class=\u00a0\u00bbinverted-device-order\u00a0\u00bb back_size=\u00a0\u00bbauto\u00a0\u00bb][vc_column column_width_percent=\u00a0\u00bb100&Prime; position_horizontal=\u00a0\u00bbright\u00a0\u00bb [&hellip;]\" \/>\n<meta property=\"og:url\" content=\"https:\/\/www.fmt.it\/fr\/produits-dans-lhuile-et-produits-au-vinaigre\/\" \/>\n<meta property=\"og:site_name\" content=\"FMT\" \/>\n<meta property=\"article:modified_time\" content=\"2022-05-11T10:23:03+00:00\" \/>\n<meta property=\"og:image\" content=\"https:\/\/www.fmt.it\/wp-content\/uploads\/2021\/03\/shutterstock_466943567.jpg\" \/>\n\t<meta property=\"og:image:width\" content=\"2160\" \/>\n\t<meta property=\"og:image:height\" content=\"1440\" \/>\n\t<meta property=\"og:image:type\" content=\"image\/jpeg\" \/>\n<meta name=\"twitter:card\" content=\"summary_large_image\" \/>\n<meta name=\"twitter:label1\" content=\"Dur\u00e9e de lecture estim\u00e9e\" \/>\n\t<meta name=\"twitter:data1\" content=\"3 minutes\" \/>\n<script type=\"application\/ld+json\" class=\"yoast-schema-graph\">{\"@context\":\"https:\\\/\\\/schema.org\",\"@graph\":[{\"@type\":\"WebPage\",\"@id\":\"https:\\\/\\\/www.fmt.it\\\/fr\\\/produits-dans-lhuile-et-produits-au-vinaigre\\\/\",\"url\":\"https:\\\/\\\/www.fmt.it\\\/fr\\\/produits-dans-lhuile-et-produits-au-vinaigre\\\/\",\"name\":\"Produits \u00e0 l\u2019huile et produits au vinaigre - FMT\",\"isPartOf\":{\"@id\":\"https:\\\/\\\/www.fmt.it\\\/fr\\\/#website\"},\"primaryImageOfPage\":{\"@id\":\"https:\\\/\\\/www.fmt.it\\\/fr\\\/produits-dans-lhuile-et-produits-au-vinaigre\\\/#primaryimage\"},\"image\":{\"@id\":\"https:\\\/\\\/www.fmt.it\\\/fr\\\/produits-dans-lhuile-et-produits-au-vinaigre\\\/#primaryimage\"},\"thumbnailUrl\":\"https:\\\/\\\/www.fmt.it\\\/wp-content\\\/uploads\\\/2021\\\/03\\\/shutterstock_466943567.jpg\",\"datePublished\":\"2021-03-05T12:49:46+00:00\",\"dateModified\":\"2022-05-11T10:23:03+00:00\",\"breadcrumb\":{\"@id\":\"https:\\\/\\\/www.fmt.it\\\/fr\\\/produits-dans-lhuile-et-produits-au-vinaigre\\\/#breadcrumb\"},\"inLanguage\":\"fr-FR\",\"potentialAction\":[{\"@type\":\"ReadAction\",\"target\":[\"https:\\\/\\\/www.fmt.it\\\/fr\\\/produits-dans-lhuile-et-produits-au-vinaigre\\\/\"]}]},{\"@type\":\"ImageObject\",\"inLanguage\":\"fr-FR\",\"@id\":\"https:\\\/\\\/www.fmt.it\\\/fr\\\/produits-dans-lhuile-et-produits-au-vinaigre\\\/#primaryimage\",\"url\":\"https:\\\/\\\/www.fmt.it\\\/wp-content\\\/uploads\\\/2021\\\/03\\\/shutterstock_466943567.jpg\",\"contentUrl\":\"https:\\\/\\\/www.fmt.it\\\/wp-content\\\/uploads\\\/2021\\\/03\\\/shutterstock_466943567.jpg\",\"width\":2160,\"height\":1440},{\"@type\":\"BreadcrumbList\",\"@id\":\"https:\\\/\\\/www.fmt.it\\\/fr\\\/produits-dans-lhuile-et-produits-au-vinaigre\\\/#breadcrumb\",\"itemListElement\":[{\"@type\":\"ListItem\",\"position\":1,\"name\":\"Home\",\"item\":\"https:\\\/\\\/www.fmt.it\\\/fr\\\/fmt-hight-tech-machines-for-food-and-beverage\\\/\"},{\"@type\":\"ListItem\",\"position\":2,\"name\":\"Produits \u00e0 l\u2019huile et produits au vinaigre\"}]},{\"@type\":\"WebSite\",\"@id\":\"https:\\\/\\\/www.fmt.it\\\/fr\\\/#website\",\"url\":\"https:\\\/\\\/www.fmt.it\\\/fr\\\/\",\"name\":\"FMT\",\"description\":\"Hight-tech machines for food and beverage\",\"potentialAction\":[{\"@type\":\"SearchAction\",\"target\":{\"@type\":\"EntryPoint\",\"urlTemplate\":\"https:\\\/\\\/www.fmt.it\\\/fr\\\/?s={search_term_string}\"},\"query-input\":{\"@type\":\"PropertyValueSpecification\",\"valueRequired\":true,\"valueName\":\"search_term_string\"}}],\"inLanguage\":\"fr-FR\"}]}<\/script>\n<!-- \/ Yoast SEO plugin. -->","yoast_head_json":{"title":"Produits \u00e0 l\u2019huile et produits au vinaigre - FMT","robots":{"index":"index","follow":"follow","max-snippet":"max-snippet:-1","max-image-preview":"max-image-preview:large","max-video-preview":"max-video-preview:-1"},"canonical":"https:\/\/www.fmt.it\/fr\/produits-dans-lhuile-et-produits-au-vinaigre\/","og_locale":"fr_FR","og_type":"article","og_title":"Produits \u00e0 l\u2019huile et produits au vinaigre - FMT","og_description":"[vc_row unlock_row_content=\u00a0\u00bbyes\u00a0\u00bb row_height_percent=\u00a0\u00bb0&Prime; override_padding=\u00a0\u00bbyes\u00a0\u00bb h_padding=\u00a0\u00bb6&Prime; top_padding=\u00a0\u00bb4&Prime; bottom_padding=\u00a0\u00bb4&Prime; back_image=\u00a0\u00bb86065&Prime; back_position=\u00a0\u00bbleft center\u00a0\u00bb overlay_alpha=\u00a0\u00bb50&Prime; equal_height=\u00a0\u00bbyes\u00a0\u00bb gutter_size=\u00a0\u00bb4&Prime; column_width_percent=\u00a0\u00bb100&Prime; shift_y=\u00a0\u00bb0&Prime; z_index=\u00a0\u00bb0&Prime; el_class=\u00a0\u00bbinverted-device-order\u00a0\u00bb back_size=\u00a0\u00bbauto\u00a0\u00bb][vc_column column_width_percent=\u00a0\u00bb100&Prime; position_horizontal=\u00a0\u00bbright\u00a0\u00bb [&hellip;]","og_url":"https:\/\/www.fmt.it\/fr\/produits-dans-lhuile-et-produits-au-vinaigre\/","og_site_name":"FMT","article_modified_time":"2022-05-11T10:23:03+00:00","og_image":[{"width":2160,"height":1440,"url":"https:\/\/www.fmt.it\/wp-content\/uploads\/2021\/03\/shutterstock_466943567.jpg","type":"image\/jpeg"}],"twitter_card":"summary_large_image","twitter_misc":{"Dur\u00e9e de lecture estim\u00e9e":"3 minutes"},"schema":{"@context":"https:\/\/schema.org","@graph":[{"@type":"WebPage","@id":"https:\/\/www.fmt.it\/fr\/produits-dans-lhuile-et-produits-au-vinaigre\/","url":"https:\/\/www.fmt.it\/fr\/produits-dans-lhuile-et-produits-au-vinaigre\/","name":"Produits \u00e0 l\u2019huile et produits au vinaigre - FMT","isPartOf":{"@id":"https:\/\/www.fmt.it\/fr\/#website"},"primaryImageOfPage":{"@id":"https:\/\/www.fmt.it\/fr\/produits-dans-lhuile-et-produits-au-vinaigre\/#primaryimage"},"image":{"@id":"https:\/\/www.fmt.it\/fr\/produits-dans-lhuile-et-produits-au-vinaigre\/#primaryimage"},"thumbnailUrl":"https:\/\/www.fmt.it\/wp-content\/uploads\/2021\/03\/shutterstock_466943567.jpg","datePublished":"2021-03-05T12:49:46+00:00","dateModified":"2022-05-11T10:23:03+00:00","breadcrumb":{"@id":"https:\/\/www.fmt.it\/fr\/produits-dans-lhuile-et-produits-au-vinaigre\/#breadcrumb"},"inLanguage":"fr-FR","potentialAction":[{"@type":"ReadAction","target":["https:\/\/www.fmt.it\/fr\/produits-dans-lhuile-et-produits-au-vinaigre\/"]}]},{"@type":"ImageObject","inLanguage":"fr-FR","@id":"https:\/\/www.fmt.it\/fr\/produits-dans-lhuile-et-produits-au-vinaigre\/#primaryimage","url":"https:\/\/www.fmt.it\/wp-content\/uploads\/2021\/03\/shutterstock_466943567.jpg","contentUrl":"https:\/\/www.fmt.it\/wp-content\/uploads\/2021\/03\/shutterstock_466943567.jpg","width":2160,"height":1440},{"@type":"BreadcrumbList","@id":"https:\/\/www.fmt.it\/fr\/produits-dans-lhuile-et-produits-au-vinaigre\/#breadcrumb","itemListElement":[{"@type":"ListItem","position":1,"name":"Home","item":"https:\/\/www.fmt.it\/fr\/fmt-hight-tech-machines-for-food-and-beverage\/"},{"@type":"ListItem","position":2,"name":"Produits \u00e0 l\u2019huile et produits au vinaigre"}]},{"@type":"WebSite","@id":"https:\/\/www.fmt.it\/fr\/#website","url":"https:\/\/www.fmt.it\/fr\/","name":"FMT","description":"Hight-tech machines for food and beverage","potentialAction":[{"@type":"SearchAction","target":{"@type":"EntryPoint","urlTemplate":"https:\/\/www.fmt.it\/fr\/?s={search_term_string}"},"query-input":{"@type":"PropertyValueSpecification","valueRequired":true,"valueName":"search_term_string"}}],"inLanguage":"fr-FR"}]}},"_links":{"self":[{"href":"https:\/\/www.fmt.it\/fr\/wp-json\/wp\/v2\/pages\/89278","targetHints":{"allow":["GET"]}}],"collection":[{"href":"https:\/\/www.fmt.it\/fr\/wp-json\/wp\/v2\/pages"}],"about":[{"href":"https:\/\/www.fmt.it\/fr\/wp-json\/wp\/v2\/types\/page"}],"author":[{"embeddable":true,"href":"https:\/\/www.fmt.it\/fr\/wp-json\/wp\/v2\/users\/3"}],"replies":[{"embeddable":true,"href":"https:\/\/www.fmt.it\/fr\/wp-json\/wp\/v2\/comments?post=89278"}],"version-history":[{"count":2,"href":"https:\/\/www.fmt.it\/fr\/wp-json\/wp\/v2\/pages\/89278\/revisions"}],"predecessor-version":[{"id":89281,"href":"https:\/\/www.fmt.it\/fr\/wp-json\/wp\/v2\/pages\/89278\/revisions\/89281"}],"wp:featuredmedia":[{"embeddable":true,"href":"https:\/\/www.fmt.it\/fr\/wp-json\/wp\/v2\/media\/89279"}],"wp:attachment":[{"href":"https:\/\/www.fmt.it\/fr\/wp-json\/wp\/v2\/media?parent=89278"}],"curies":[{"name":"wp","href":"https:\/\/api.w.org\/{rel}","templated":true}]}}